{"id":145,"date":"2015-09-23T13:52:47","date_gmt":"2015-09-23T13:52:47","guid":{"rendered":"http:\/\/wp.magnium-themes.com\/himmelen\/himmelen-1\/?page_id=145"},"modified":"2023-01-15T19:41:40","modified_gmt":"2023-01-15T22:41:40","slug":"contacto","status":"publish","type":"page","link":"https:\/\/chicasde50porelmundo.com.ar\/index.php\/contacto\/","title":{"rendered":"Contacto"},"content":{"rendered":"<div class=\"row\">\n<div class=\"col-md-6\">\n<h5><strong>SOBRE CHICAS DE 50 POR EL MUNDO &#8211; CH50<\/strong><\/h5>\n<p>Es un espacio creado por m\u00ed, <a href=\"daniela.werkalec@gmail.com\">Daniela Werkalec<\/a>, una mujer de m\u00e1s de 50 a\u00f1os que empec\u00e9 a viajar m\u00e1s intensamente all\u00e1 por 2018 y me encontr\u00e9 con una especie de vac\u00edo para acompa\u00f1arnos a quienes viajamos la mayor\u00eda de las veces solas, a esta edad.<\/p>\n<p>Mi lugar de residencia es la ciudad de Rosario, ARGENTINA y desde aqu\u00ed parto a los distintos destinos por distintas razones (trabajo, placer, conocer, desconectarme).<\/p>\n<p>La intenci\u00f3n es que sea un espacio abierto para todas aquellas que quieran sumar sus experiencias, sus conocimientos, en definitiva SER PARTE.<\/p>\n<p>\u00bf Te sum\u00e1s? Te espero<\/p>\n<p>Estamos a un mensajito de distancia.<\/p>\n<p><strong>medios para contactarme<\/strong><br \/>\nwhatsapp: <a href=\"https:\/\/walink.co\/2c226d\">+54\u00a0 9 341 5098098<\/a><\/p>\n<p>email: <a href=\"mailto:hola@chicasde50porelmundo.com.ar\">hola@chicasde50porelmundo.com.ar<\/a><\/p>\n<\/div>\n<div class=\"col-md-6\">\n<h5><strong>CONTACT ME<\/strong><\/h5>\n\n<div class=\"wpcf7 no-js\" id=\"wpcf7-f185-o1\" lang=\"en-US\" dir=\"ltr\">\n<div class=\"screen-reader-response\"><p role=\"status\" aria-live=\"polite\" aria-atomic=\"true\"><\/p> <ul><\/ul><\/div>\n<form action=\"\/index.php\/wp-json\/wp\/v2\/pages\/145#wpcf7-f185-o1\" method=\"post\" class=\"wpcf7-form init\" aria-label=\"Contact form\" novalidate=\"novalidate\" data-status=\"init\">\n<div style=\"display: none;\">\n<input type=\"hidden\" name=\"_wpcf7\" value=\"185\" \/>\n<input type=\"hidden\" name=\"_wpcf7_version\" value=\"5.8.4\" \/>\n<input type=\"hidden\" name=\"_wpcf7_locale\" value=\"en_US\" \/>\n<input type=\"hidden\" name=\"_wpcf7_unit_tag\" value=\"wpcf7-f185-o1\" \/>\n<input type=\"hidden\" name=\"_wpcf7_container_post\" value=\"0\" \/>\n<input type=\"hidden\" name=\"_wpcf7_posted_data_hash\" value=\"\" \/>\n<\/div>\n<p>Dejame tu nombre (obligatorio)\n<\/p>\n<p><span class=\"wpcf7-form-control-wrap\" data-name=\"your-name\"><input size=\"40\" class=\"wpcf7-form-control wpcf7-text wpcf7-validates-as-required\" aria-required=\"true\" aria-invalid=\"false\" value=\"\" type=\"text\" name=\"your-name\" \/><\/span>\n<\/p>\n<p>Tu email (obligatorio)\n<\/p>\n<p><span class=\"wpcf7-form-control-wrap\" data-name=\"your-email\"><input size=\"40\" class=\"wpcf7-form-control wpcf7-email wpcf7-validates-as-required wpcf7-text wpcf7-validates-as-email\" aria-required=\"true\" aria-invalid=\"false\" value=\"\" type=\"email\" name=\"your-email\" \/><\/span>\n<\/p>\n<p>Asunto\n<\/p>\n<p><span class=\"wpcf7-form-control-wrap\" data-name=\"your-subject\"><input size=\"40\" class=\"wpcf7-form-control wpcf7-text\" aria-invalid=\"false\" value=\"\" type=\"text\" name=\"your-subject\" \/><\/span>\n<\/p>\n<p>Tu mensaje\n<\/p>\n<p><span class=\"wpcf7-form-control-wrap\" data-name=\"your-message\"><textarea cols=\"40\" rows=\"10\" class=\"wpcf7-form-control wpcf7-textarea\" aria-invalid=\"false\" name=\"your-message\"><\/textarea><\/span>\n<\/p>\n<p><input class=\"wpcf7-form-control wpcf7-submit has-spinner\" type=\"submit\" value=\"Enviar\" \/>\n<\/p><div class=\"wpcf7-response-output\" aria-hidden=\"true\"><\/div>\n<\/form>\n<\/div>\n\n<\/div>\n<\/div>\n","protected":false},"excerpt":{"rendered":"<p>SOBRE CHICAS DE 50 POR EL MUNDO &#8211; CH50 Es un espacio creado por m\u00ed, Daniela Werkalec, una mujer de m\u00e1s de 50 a\u00f1os que empec\u00e9 a viajar m\u00e1s intensamente all\u00e1 por 2018 y me encontr\u00e9 con una especie de vac\u00edo para acompa\u00f1arnos a quienes viajamos la mayor\u00eda de las veces solas, a esta edad. Mi lugar de residencia es&#8230;<\/p>\n","protected":false},"author":1,"featured_media":442,"parent":0,"menu_order":0,"comment_status":"closed","ping_status":"closed","template":"","meta":{"footnotes":""},"yst_prominent_words":[],"_links":{"self":[{"href":"https:\/\/chicasde50porelmundo.com.ar\/index.php\/wp-json\/wp\/v2\/pages\/145"}],"collection":[{"href":"https:\/\/chicasde50porelmundo.com.ar\/index.php\/wp-json\/wp\/v2\/pages"}],"about":[{"href":"https:\/\/chicasde50porelmundo.com.ar\/index.php\/wp-json\/wp\/v2\/types\/page"}],"author":[{"embeddable":true,"href":"https:\/\/chicasde50porelmundo.com.ar\/index.php\/wp-json\/wp\/v2\/users\/1"}],"replies":[{"embeddable":true,"href":"https:\/\/chicasde50porelmundo.com.ar\/index.php\/wp-json\/wp\/v2\/comments?post=145"}],"version-history":[{"count":4,"href":"https:\/\/chicasde50porelmundo.com.ar\/index.php\/wp-json\/wp\/v2\/pages\/145\/revisions"}],"predecessor-version":[{"id":455,"href":"https:\/\/chicasde50porelmundo.com.ar\/index.php\/wp-json\/wp\/v2\/pages\/145\/revisions\/455"}],"wp:featuredmedia":[{"embeddable":true,"href":"https:\/\/chicasde50porelmundo.com.ar\/index.php\/wp-json\/wp\/v2\/media\/442"}],"wp:attachment":[{"href":"https:\/\/chicasde50porelmundo.com.ar\/index.php\/wp-json\/wp\/v2\/media?parent=145"}],"wp:term":[{"taxonomy":"yst_prominent_words","embeddable":true,"href":"https:\/\/chicasde50porelmundo.com.ar\/index.php\/wp-json\/wp\/v2\/yst_prominent_words?post=145"}],"curies":[{"name":"wp","href":"https:\/\/api.w.org\/{rel}","templated":true}]}}