{"id":182,"date":"2015-09-23T14:44:50","date_gmt":"2015-09-23T14:44:50","guid":{"rendered":"http:\/\/wp.magnium-themes.com\/himmelen\/himmelen-1\/?page_id=182"},"modified":"2023-01-15T21:20:29","modified_gmt":"2023-01-16T00:20:29","slug":"sobre-chicasde50","status":"publish","type":"page","link":"https:\/\/chicasde50porelmundo.com.ar\/index.php\/sobre-chicasde50\/","title":{"rendered":"Sobre Chicas de 50 por el mundo"},"content":{"rendered":"<h2 style=\"text-align: center;\"><strong>Viajar en la vida de una mujer de m\u00e1s de 50 a\u00f1os<\/strong><strong>.<\/strong><\/h2>\n<h5><strong>SOBRE CHICAS DE 50 POR EL MUNDO<\/strong><\/h5>\n<p>A mis 50 a\u00f1os viaj\u00e9 por primera vez a Europa, desde Argentina, mi pa\u00eds natal.<\/p>\n<p>Con una visi\u00f3n de la vida totalmente distinta a la de mi juventud, con una plenitud totalmente distinta, s\u00faper tecnol\u00f3gica (como fu\u00ed siempre) me d\u00ed cuenta que la mayor\u00eda de la informaci\u00f3n sobre viajes que existe en Internet, esta pensada y escrita por j\u00f3venes y sobre todo, por personas que quieren ahorrar en sus viajes.<\/p>\n<p>Y no es que no quiera ahorrar, pero dir\u00eda que mi enfoque es el de ser eficientes con el uso del dinero. Priorizo la calidad sobre lo &#8220;barato&#8221;, no me enfoque en ahorrar, sino en aprovechar al m\u00e1ximo teniendo determinados par\u00e1metros que considero como calidad.<\/p>\n<p>Por ejemplo la conexi\u00f3n para m\u00ed es PRIORITARIA, sobre todo si viajo sola. Es estar conectada es\u00a0 parte de mi calidad de viaje. As\u00ed que contar con wifi en las habitaciones de mis alojamientos, por ejemplo, es un punto de calidad de viaje que no negocio. Salvo que tenga super plan de datos en el celular. \ud83d\ude42<\/p>\n<h5><strong>CUAL ES EL OBJETIVO DE ESTE ESPACIO<\/strong><\/h5>\n<p>Que sea un ENORME espacio con experiencias, tips, recomendaciones para quienes tenemos m\u00e1s de 50 a\u00f1os y queremos un estilo de viaje acorte a esta etapa de nuestras vidas.<\/p>\n<p>Empezar\u00e9 contando y compartiendo mis viajes, para ir invitando a todas aquellas que quieran sumarse y sumar sus experiencias, sus consejos.<\/p>\n<p>Que formemos una comunidad donde nos cuidemos, estemos conectadas,\u00a0 nos sintamos parte, que sea un espacio de consulta y porque no, conocernos entre nosotras? Ser hu\u00e9spedes de las CH50 que viajamos por el mundo? Organizar viajes en conjunto?<\/p>\n<p>El tiempo y sobre todo, nosotras mismas iremos definiendo a este espacio que llamo <strong>CHICASDE50PORELMUNDO<\/strong> o simplemente <strong>CH50<\/strong>.<\/p>\n<p>Gracias por estar aqu\u00ed.<\/p>\n<p style=\"text-align: center;\"><a href=\"mailto:daniela.werkalec@gmail.com\"><strong>DANIELA<\/strong> <strong>WERKALEC<\/strong><\/a><\/p>\n<h5><b>INSTAGRAM<\/b><\/h5>\n<p><img loading=\"lazy\" decoding=\"async\" src=\"http:\/\/chicasde50porelmundo.com.ar\/wp-content\/uploads\/2023\/01\/3-300x243.png\" alt=\"instagram en viajeras por el mundo viajando solas\" width=\"300\" height=\"243\" \/><\/p>\n<p>En el Instagramde CH50 iremos compartiendo im\u00e1genes de los viajes y sobre todo a trav\u00e9s de historias y reels, el momento, iremos viviendo la\u00a0 experiencia del viaje.<\/p>\n<h5><b>BLOG<\/b><\/h5>\n<p><img loading=\"lazy\" decoding=\"async\" src=\"http:\/\/chicasde50porelmundo.com.ar\/wp-content\/uploads\/2023\/01\/2-300x243.png\" alt=\"\" width=\"300\" height=\"243\" \/><\/p>\n<p>Ac\u00e1 iremos publicando toda la informaci\u00f3n de cada uno de los destinos, cuestiones generales (como armar la valija por ejemplo), tecnolog\u00eda (que celular , tablet, gadget recomendamos, aplicaciones), etc.<\/p>\n<h5><b>DESTINOS<\/b><\/h5>\n<p><img loading=\"lazy\" decoding=\"async\" src=\"http:\/\/chicasde50porelmundo.com.ar\/wp-content\/uploads\/2023\/01\/1-300x243.png\" alt=\"\" width=\"300\" height=\"243\" \/><\/p>\n<p>Un espacio donde estan agrupadas las notas que vayamos publicando, justamente por destino. Para que te sea f\u00e1cil encontrar la informaci\u00f3n al momento de preparar tu viaje.<\/p>\n","protected":false},"excerpt":{"rendered":"<p>Viajar en la vida de una mujer de m\u00e1s de 50 a\u00f1os. SOBRE CHICAS DE 50 POR EL MUNDO A mis 50 a\u00f1os viaj\u00e9 por primera vez a Europa, desde Argentina, mi pa\u00eds natal. Con una visi\u00f3n de la vida totalmente distinta a la de mi juventud, con una plenitud totalmente distinta, s\u00faper tecnol\u00f3gica (como fu\u00ed siempre) me d\u00ed cuenta&#8230;<\/p>\n","protected":false},"author":1,"featured_media":439,"parent":0,"menu_order":0,"comment_status":"closed","ping_status":"closed","template":"","meta":{"footnotes":""},"yst_prominent_words":[],"_links":{"self":[{"href":"https:\/\/chicasde50porelmundo.com.ar\/index.php\/wp-json\/wp\/v2\/pages\/182"}],"collection":[{"href":"https:\/\/chicasde50porelmundo.com.ar\/index.php\/wp-json\/wp\/v2\/pages"}],"about":[{"href":"https:\/\/chicasde50porelmundo.com.ar\/index.php\/wp-json\/wp\/v2\/types\/page"}],"author":[{"embeddable":true,"href":"https:\/\/chicasde50porelmundo.com.ar\/index.php\/wp-json\/wp\/v2\/users\/1"}],"replies":[{"embeddable":true,"href":"https:\/\/chicasde50porelmundo.com.ar\/index.php\/wp-json\/wp\/v2\/comments?post=182"}],"version-history":[{"count":13,"href":"https:\/\/chicasde50porelmundo.com.ar\/index.php\/wp-json\/wp\/v2\/pages\/182\/revisions"}],"predecessor-version":[{"id":451,"href":"https:\/\/chicasde50porelmundo.com.ar\/index.php\/wp-json\/wp\/v2\/pages\/182\/revisions\/451"}],"wp:featuredmedia":[{"embeddable":true,"href":"https:\/\/chicasde50porelmundo.com.ar\/index.php\/wp-json\/wp\/v2\/media\/439"}],"wp:attachment":[{"href":"https:\/\/chicasde50porelmundo.com.ar\/index.php\/wp-json\/wp\/v2\/media?parent=182"}],"wp:term":[{"taxonomy":"yst_prominent_words","embeddable":true,"href":"https:\/\/chicasde50porelmundo.com.ar\/index.php\/wp-json\/wp\/v2\/yst_prominent_words?post=182"}],"curies":[{"name":"wp","href":"https:\/\/api.w.org\/{rel}","templated":true}]}}